{"id":223858,"date":"2021-01-25T15:39:15","date_gmt":"2021-01-25T15:39:15","guid":{"rendered":"https:\/\/www.totdesign.fi\/?post_type=product&#038;p=223858"},"modified":"2024-06-24T10:31:06","modified_gmt":"2024-06-24T10:31:06","slug":"pipo-omalla-kuvalla-tekstilla","status":"publish","type":"product","link":"https:\/\/www.totdesign.fi\/index.php\/product\/pipo-omalla-kuvalla-tekstilla\/","title":{"rendered":"Pipo omalla kuvalla \/ tekstill\u00e4"},"content":{"rendered":"<p>Ohut laadukas pipo niin ulko kuin sis\u00e4k\u00e4ytt\u00f6\u00f6nkin, esim. T\u00f6ihin kyp\u00e4r\u00e4n alle, liikuntaharrastuksiin vaikka kuntosalille ym. rientoihin.<\/p>\n<p>Hinta sis\u00e4lt\u00e4\u00e4 painatuksen.<\/p>\n<p>Materiaali<br \/>\n95 % puuvilla ja 5 % elastan, Lycra<br \/>\nKaksinkertainen 180 g\/m 2. neulos.<\/p>\n<p>Tekstin koko 45mm x 100mm t\u00e4yt\u00e4alla oleva taulukko ennen tilausta, jos erikoistoiveita laita ne kohtaan pipon teksti.<\/p>\n<div data-test='contact-form' id='contact-form-223858' class='wp-block-jetpack-contact-form-container '>\n<form action='https:\/\/www.totdesign.fi\/index.php\/product\/pipo-omalla-kuvalla-tekstilla\/#contact-form-223858' method='post' class='contact-form commentsblock' aria-label=\"Pipo omalla kuvalla \/ tekstill\u00e4\" novalidate>\n\n<div style=\"\" class='grunion-field-name-wrap grunion-field-wrap'  >\n<label\n\t\t\t\tfor='g223858-nimi'\n\t\t\t\tclass='grunion-field-label name'>Nimi<span class=\"grunion-label-required\" aria-hidden=\"true\">(Vaaditaan)<\/span><\/label>\n<input\n\t\t\t\t\ttype='text'\n\t\t\t\t\tname='g223858-nimi'\n\t\t\t\t\tid='g223858-nimi'\n\t\t\t\t\tvalue=''\n\t\t\t\t\tclass='name  grunion-field' \n\t\t\t\t\trequired aria-required='true' \/>\n\t<\/div>\n\n<div style=\"\" class='grunion-field-email-wrap grunion-field-wrap'  >\n<label\n\t\t\t\tfor='g223858-email'\n\t\t\t\tclass='grunion-field-label email'>Email<span class=\"grunion-label-required\" aria-hidden=\"true\">(Vaaditaan)<\/span><\/label>\n<input\n\t\t\t\t\ttype='email'\n\t\t\t\t\tname='g223858-email'\n\t\t\t\t\tid='g223858-email'\n\t\t\t\t\tvalue=''\n\t\t\t\t\tclass='email  grunion-field' \n\t\t\t\t\trequired aria-required='true' \/>\n\t<\/div>\n\n<div style=\"\" class='grunion-field-textarea-wrap grunion-field-wrap'  >\n<label\n\t\t\t\tfor='contact-form-comment-g223858-pipontekstimaks45mmx100mmkirjoitaminktekstinhaluat'\n\t\t\t\tclass='grunion-field-label textarea'>pipon teksti maks 45mm x 100mm, kirjoita mink\u00e4 tekstin haluat:<span class=\"grunion-label-required\" aria-hidden=\"true\">(Vaaditaan)<\/span><\/label>\n<textarea\n\t\t                style=''\n\t\t                name='g223858-pipontekstimaks45mmx100mmkirjoitaminktekstinhaluat'\n\t\t                id='contact-form-comment-g223858-pipontekstimaks45mmx100mmkirjoitaminktekstinhaluat'\n\t\t                rows='20' class='textarea  grunion-field'  required aria-required='true'><\/textarea>\n\t<\/div>\n\n<div style=\"\" class='grunion-field-checkbox-multiple-wrap grunion-field-wrap'  >\n<fieldset id=\"g223858-fontti-label\" class=\"grunion-checkbox-multiple-options\"><legend\n\t\t\t\tclass='grunion-field-label'>Fontti<\/legend>\n<p class='contact-form-field'><input\n\t\t\t\t\t\t\t\t\tid='g223858-fontti-1Arial'\n\t\t\t\t\t\t\t\t\ttype='checkbox'\n\t\t\t\t\t\t\t\t\tname='g223858-fontti[]'\n\t\t\t\t\t\t\t\t\tvalue='1.Arial' class='checkbox-multiple  grunion-field'  \/> <label for='g223858-fontti-1Arial' style=\"\" class='grunion-checkbox-multiple-label checkbox-multiple '><span class='grunion-field-text'>1.Arial<\/span><\/label>\n<\/p><p class='contact-form-field'><input\n\t\t\t\t\t\t\t\t\tid='g223858-fontti-2Impact'\n\t\t\t\t\t\t\t\t\ttype='checkbox'\n\t\t\t\t\t\t\t\t\tname='g223858-fontti[]'\n\t\t\t\t\t\t\t\t\tvalue='2.Impact' class='checkbox-multiple  grunion-field'  \/> <label for='g223858-fontti-2Impact' style=\"\" class='grunion-checkbox-multiple-label checkbox-multiple '><span class='grunion-field-text'>2.Impact<\/span><\/label>\n<\/p><p class='contact-form-field'><input\n\t\t\t\t\t\t\t\t\tid='g223858-fontti-3ChopinScript'\n\t\t\t\t\t\t\t\t\ttype='checkbox'\n\t\t\t\t\t\t\t\t\tname='g223858-fontti[]'\n\t\t\t\t\t\t\t\t\tvalue='3.ChopinScript' class='checkbox-multiple  grunion-field'  \/> <label for='g223858-fontti-3ChopinScript' style=\"\" class='grunion-checkbox-multiple-label checkbox-multiple '><span class='grunion-field-text'>3.ChopinScript<\/span><\/label>\n<\/p><\/fieldset>\t<\/div>\n\t<p class='contact-submit'>\n\t\t<button type='submit' class='pushbutton-wide'>L\u00e4het\u00e4<\/button>\t\t<input type='hidden' name='contact-form-id' value='223858' \/>\n\t\t<input type='hidden' name='action' value='grunion-contact-form' \/>\n\t\t<input type='hidden' name='contact-form-hash' value='2d043df396b882d4c051a4a39c478d80142eddca' \/>\n\t<\/p>\n<\/form>\n<\/div>\n<p>Tulossa suunnittelu ohjelma..<\/p>\n<p>&nbsp;<\/p>\n<p>&nbsp;<\/p>\n","protected":false},"excerpt":{"rendered":"<p>Ohut laadukas pipo niin ulko kuin sis\u00e4k\u00e4ytt\u00f6\u00f6nkin, esim. T\u00f6ihin kyp\u00e4r\u00e4n alle, liikuntaharrastuksiin vaikka kuntosalille ym. rientoihin. Hinta sis\u00e4lt\u00e4\u00e4 painatuksen. Materiaali 95 % puuvilla ja 5 % elastan, Lycra Kaksinkertainen 180 g\/m 2. neulos. Tekstin koko 45mm x 100mm t\u00e4yt\u00e4alla oleva taulukko ennen tilausta, jos erikoistoiveita laita ne kohtaan pipon teksti. Tulossa suunnittelu ohjelma.. &nbsp; &nbsp;<\/p>\n","protected":false},"featured_media":225689,"comment_status":"open","ping_status":"closed","template":"","meta":{"_et_pb_use_builder":"","_et_pb_old_content":"","_et_gb_content_width":"","_monsterinsights_skip_tracking":false,"_monsterinsights_sitenote_active":false,"_monsterinsights_sitenote_note":"","_monsterinsights_sitenote_category":0},"product_brand":[],"product_cat":[27,31],"product_tag":[],"class_list":{"0":"post-223858","1":"product","2":"type-product","3":"status-publish","4":"has-post-thumbnail","6":"product_cat-kustomoitavat-tuotteet","7":"product_cat-paahineet","9":"first","10":"instock","11":"sold-individually","12":"taxable","13":"shipping-taxable","14":"purchasable","15":"product-type-simple"},"aioseo_notices":[],"jetpack_sharing_enabled":true,"_links":{"self":[{"href":"https:\/\/www.totdesign.fi\/index.php\/wp-json\/wp\/v2\/product\/223858"}],"collection":[{"href":"https:\/\/www.totdesign.fi\/index.php\/wp-json\/wp\/v2\/product"}],"about":[{"href":"https:\/\/www.totdesign.fi\/index.php\/wp-json\/wp\/v2\/types\/product"}],"replies":[{"embeddable":true,"href":"https:\/\/www.totdesign.fi\/index.php\/wp-json\/wp\/v2\/comments?post=223858"}],"wp:featuredmedia":[{"embeddable":true,"href":"https:\/\/www.totdesign.fi\/index.php\/wp-json\/wp\/v2\/media\/225689"}],"wp:attachment":[{"href":"https:\/\/www.totdesign.fi\/index.php\/wp-json\/wp\/v2\/media?parent=223858"}],"wp:term":[{"taxonomy":"product_brand","embeddable":true,"href":"https:\/\/www.totdesign.fi\/index.php\/wp-json\/wp\/v2\/product_brand?post=223858"},{"taxonomy":"product_cat","embeddable":true,"href":"https:\/\/www.totdesign.fi\/index.php\/wp-json\/wp\/v2\/product_cat?post=223858"},{"taxonomy":"product_tag","embeddable":true,"href":"https:\/\/www.totdesign.fi\/index.php\/wp-json\/wp\/v2\/product_tag?post=223858"}],"curies":[{"name":"wp","href":"https:\/\/api.w.org\/{rel}","templated":true}]}}