{"id":223861,"date":"2021-01-25T15:49:44","date_gmt":"2021-01-25T15:49:44","guid":{"rendered":"https:\/\/www.totdesign.fi\/?post_type=product&#038;p=223861"},"modified":"2024-11-17T08:28:21","modified_gmt":"2024-11-17T08:28:21","slug":"muki-omalla-kuvalla","status":"publish","type":"product","link":"https:\/\/www.totdesign.fi\/index.php\/product\/muki-omalla-kuvalla\/","title":{"rendered":"Muki omalla kuvalla"},"content":{"rendered":"<p>Laadukas konepesun kest\u00e4v\u00e4 muki omalla kuvalla tai tekstill\u00e4.<\/p>\n<p>laita kuva \/ teksti info@totdesign.fi ja toive miten teksti kulkee mukissa.<\/p>\n<p>voit ottaa yhteytt\u00e4 suunnittelua varten ennen tiilaustaja kun suunnittelu on mieleinen tilaa tuote.<\/p>\n<p>&nbsp;<\/p>\n<p>esim.<\/p>\n<p>kahvan vasemmalle puolelle &#8221;kuva&#8221;<\/p>\n<p>Teksti kiert\u00e4en mukin keskell\u00e4.<\/p>\n<p>Toimitusaika 7vrk.<\/p>\n<p>Tulossa suunnittelu ohjelma pian.<\/p>\n<p>&nbsp;<\/p>\n","protected":false},"excerpt":{"rendered":"<p>Laadukas konepesun kest\u00e4v\u00e4 muki omalla kuvalla tai tekstill\u00e4.<\/p>\n<p>laita kuva \/ teksti info@totdesign.fi ja toive miten teksti kulkee mukissa.<\/p>\n<p>voit ottaa yhteytt\u00e4 suunnittelua varten ennen tiilaustaja kun suunnittelu on mieleinen tilaa tuote.<\/p>\n<p>&nbsp;<\/p>\n<p>esim.<\/p>\n<p>kahvan vasemmalle puolelle &#8221;kuva&#8221;<\/p>\n<p>Teksti kiert\u00e4en mukin keskell\u00e4.<\/p>\n<p>Toimitusaika 7vrk.<\/p>\n<p>Tulossa suunnittelu ohjelma pian.<\/p>\n","protected":false},"featured_media":225690,"comment_status":"open","ping_status":"closed","template":"","meta":{"_et_pb_use_builder":"","_et_pb_old_content":"","_et_gb_content_width":"","_monsterinsights_skip_tracking":false,"_monsterinsights_sitenote_active":false,"_monsterinsights_sitenote_note":"","_monsterinsights_sitenote_category":0},"product_brand":[],"product_cat":[27,35],"product_tag":[],"class_list":{"0":"post-223861","1":"product","2":"type-product","3":"status-publish","4":"has-post-thumbnail","6":"product_cat-kustomoitavat-tuotteet","7":"product_cat-mukit","8":"product_shipping_class-pikkupaketti","10":"first","11":"instock","12":"taxable","13":"shipping-taxable","14":"purchasable","15":"product-type-simple"},"aioseo_notices":[],"jetpack_sharing_enabled":true,"_links":{"self":[{"href":"https:\/\/www.totdesign.fi\/index.php\/wp-json\/wp\/v2\/product\/223861"}],"collection":[{"href":"https:\/\/www.totdesign.fi\/index.php\/wp-json\/wp\/v2\/product"}],"about":[{"href":"https:\/\/www.totdesign.fi\/index.php\/wp-json\/wp\/v2\/types\/product"}],"replies":[{"embeddable":true,"href":"https:\/\/www.totdesign.fi\/index.php\/wp-json\/wp\/v2\/comments?post=223861"}],"wp:featuredmedia":[{"embeddable":true,"href":"https:\/\/www.totdesign.fi\/index.php\/wp-json\/wp\/v2\/media\/225690"}],"wp:attachment":[{"href":"https:\/\/www.totdesign.fi\/index.php\/wp-json\/wp\/v2\/media?parent=223861"}],"wp:term":[{"taxonomy":"product_brand","embeddable":true,"href":"https:\/\/www.totdesign.fi\/index.php\/wp-json\/wp\/v2\/product_brand?post=223861"},{"taxonomy":"product_cat","embeddable":true,"href":"https:\/\/www.totdesign.fi\/index.php\/wp-json\/wp\/v2\/product_cat?post=223861"},{"taxonomy":"product_tag","embeddable":true,"href":"https:\/\/www.totdesign.fi\/index.php\/wp-json\/wp\/v2\/product_tag?post=223861"}],"curies":[{"name":"wp","href":"https:\/\/api.w.org\/{rel}","templated":true}]}}