{"id":225810,"date":"2024-06-18T19:02:45","date_gmt":"2024-06-18T19:02:45","guid":{"rendered":"https:\/\/www.totdesign.fi\/?post_type=product&#038;p=225810"},"modified":"2024-09-24T12:38:40","modified_gmt":"2024-09-24T12:38:40","slug":"lippis-mph-golf-omalla-tekstilla","status":"publish","type":"product","link":"https:\/\/www.totdesign.fi\/index.php\/product\/lippis-mph-golf-omalla-tekstilla\/","title":{"rendered":"Lippis Mph Golf"},"content":{"rendered":"<p>Todella hyvin hengitt\u00e4v\u00e4 joka vuodenajan lippis. Nimest\u00e4\u00e4n huolimatta GOLF-lippalakki sopii lajiin kuin lajiin. Sis\u00e4puolella oleva froteinen hikinauha samoin kuin mukava hieman joustava tekninen neulosmateriaali antavat mukavuutta aktiivisiin harrastuksiin. Takana olevalla tarrakiinnityksell\u00e4 saa helposti s\u00e4\u00e4detty\u00e4 kokoa vaikka kesken pelin. Tyylik\u00e4s lippis on omiaan niin kentill\u00e4 kuin kaupungillakin.<\/p>\n<p>jos haluat painatuksen tai brodeerauksen tuotteeseen ota yhteytt\u00e4 info@totdesign.fi niin sunnitellaan teksti sinulle.<\/p>\n<p>painettuna \/ brodeerattuna hinta riippuen merkkauksen koosta ja ty\u00f6l\u00e4isyydest\u00e4 n. 19.90-24,90e<\/p>\n<p><strong>Materiaali: <\/strong>100%\u00a0polyesteri<br \/>\n<strong>Kiinnitys: <\/strong>tarra<br \/>\n<strong>Koko: <\/strong>56 cm<\/p>\n","protected":false},"excerpt":{"rendered":"<p>Todella hyvin hengitt\u00e4v\u00e4 joka vuodenajan lippis. Nimest\u00e4\u00e4n huolimatta GOLF-lippalakki sopii lajiin kuin lajiin. Sis\u00e4puolella oleva froteinen hikinauha samoin kuin mukava hieman joustava tekninen neulosmateriaali antavat mukavuutta aktiivisiin harrastuksiin. Takana olevalla tarrakiinnityksell\u00e4 saa helposti s\u00e4\u00e4detty\u00e4 kokoa vaikka kesken pelin. Tyylik\u00e4s lippis on omiaan niin kentill\u00e4 kuin kaupungillakin. jos haluat painatuksen tai brodeerauksen tuotteeseen ota yhteytt\u00e4 info@totdesign.fi [&hellip;]<\/p>\n","protected":false},"featured_media":225765,"comment_status":"closed","ping_status":"closed","template":"","meta":{"_et_pb_use_builder":"","_et_pb_old_content":"","_et_gb_content_width":"","_monsterinsights_skip_tracking":false,"_monsterinsights_sitenote_active":false,"_monsterinsights_sitenote_note":"","_monsterinsights_sitenote_category":0},"product_brand":[],"product_cat":[31],"product_tag":[],"class_list":{"0":"post-225810","1":"product","2":"type-product","3":"status-publish","4":"has-post-thumbnail","6":"product_cat-paahineet","7":"product_shipping_class-pikkupaketti","9":"first","10":"instock","11":"taxable","12":"shipping-taxable","13":"purchasable","14":"product-type-simple"},"aioseo_notices":[],"jetpack_sharing_enabled":true,"_links":{"self":[{"href":"https:\/\/www.totdesign.fi\/index.php\/wp-json\/wp\/v2\/product\/225810"}],"collection":[{"href":"https:\/\/www.totdesign.fi\/index.php\/wp-json\/wp\/v2\/product"}],"about":[{"href":"https:\/\/www.totdesign.fi\/index.php\/wp-json\/wp\/v2\/types\/product"}],"replies":[{"embeddable":true,"href":"https:\/\/www.totdesign.fi\/index.php\/wp-json\/wp\/v2\/comments?post=225810"}],"wp:featuredmedia":[{"embeddable":true,"href":"https:\/\/www.totdesign.fi\/index.php\/wp-json\/wp\/v2\/media\/225765"}],"wp:attachment":[{"href":"https:\/\/www.totdesign.fi\/index.php\/wp-json\/wp\/v2\/media?parent=225810"}],"wp:term":[{"taxonomy":"product_brand","embeddable":true,"href":"https:\/\/www.totdesign.fi\/index.php\/wp-json\/wp\/v2\/product_brand?post=225810"},{"taxonomy":"product_cat","embeddable":true,"href":"https:\/\/www.totdesign.fi\/index.php\/wp-json\/wp\/v2\/product_cat?post=225810"},{"taxonomy":"product_tag","embeddable":true,"href":"https:\/\/www.totdesign.fi\/index.php\/wp-json\/wp\/v2\/product_tag?post=225810"}],"curies":[{"name":"wp","href":"https:\/\/api.w.org\/{rel}","templated":true}]}}