{"id":225813,"date":"2024-06-19T03:57:04","date_gmt":"2024-06-19T03:57:04","guid":{"rendered":"https:\/\/www.totdesign.fi\/?post_type=product&#038;p=225813"},"modified":"2024-09-24T12:34:46","modified_gmt":"2024-09-24T12:34:46","slug":"snappack-clay","status":"publish","type":"product","link":"https:\/\/www.totdesign.fi\/index.php\/product\/snappack-clay\/","title":{"rendered":"Lippalakki Snappack Clay"},"content":{"rendered":"<p>Meill\u00e4 suosituimpien joukossa oleva CLAY, on lippalakkien klassikko! Clay on premium laatua, ei kiinan halpis lakki. Suoralippa on aina trendik\u00e4s ja snapback-kiinnitys tekee lippiksest\u00e4 sopivan jokaiselle. Lakkiosan korkea profiili antaa loistavan mahdollisuuden brodeerata lippiksen n\u00e4ytt\u00e4v\u00e4sti juuri oman n\u00e4k\u00f6iseksi. J\u00e4m\u00e4kk\u00e4 polyester-twill pit\u00e4\u00e4 lippiksen ryhdikk\u00e4\u00e4n\u00e4. Koko vastaa noin kokoa 58. V\u00e4ripaletissa on mist\u00e4 valita! v\u00e4rej\u00e4 tulossa kauppaan lis\u00e4\u00e4.<\/p>\n<p>jos haluat painatuksen tai brodeerauksen se onnistuu kyll\u00e4, ota yhteytt\u00e4 info@totdesign.fi suunnittelu ohjelma tulossa!.<\/p>\n<p><strong>Materiaali:\u00a0<\/strong>100% polyesteri<br \/>\n<strong>Kiinnitys: <\/strong>snapback<br \/>\n<strong>Koko: <\/strong>58 cm<\/p>\n<p>toimitusaika n.7vrk<\/p>\n","protected":false},"excerpt":{"rendered":"<p>Meill\u00e4 suosituimpien joukossa oleva CLAY, on lippalakkien klassikko! Clay on premium laatua, ei kiinan halpis lakki. Suoralippa on aina trendik\u00e4s ja snapback-kiinnitys tekee lippiksest\u00e4 sopivan jokaiselle. Lakkiosan korkea profiili antaa loistavan mahdollisuuden brodeerata lippiksen n\u00e4ytt\u00e4v\u00e4sti juuri oman n\u00e4k\u00f6iseksi. J\u00e4m\u00e4kk\u00e4 polyester-twill pit\u00e4\u00e4 lippiksen ryhdikk\u00e4\u00e4n\u00e4. Koko vastaa noin kokoa 58. V\u00e4ripaletissa on mist\u00e4 valita! v\u00e4rej\u00e4 tulossa kauppaan [&hellip;]<\/p>\n","protected":false},"featured_media":225839,"comment_status":"closed","ping_status":"closed","template":"","meta":{"_et_pb_use_builder":"","_et_pb_old_content":"","_et_gb_content_width":"","_monsterinsights_skip_tracking":false,"_monsterinsights_sitenote_active":false,"_monsterinsights_sitenote_note":"","_monsterinsights_sitenote_category":0},"product_brand":[],"product_cat":[31],"product_tag":[],"class_list":{"0":"post-225813","1":"product","2":"type-product","3":"status-publish","4":"has-post-thumbnail","6":"product_cat-paahineet","7":"product_shipping_class-pikkupaketti","9":"first","10":"instock","11":"taxable","12":"shipping-taxable","13":"purchasable","14":"product-type-simple"},"aioseo_notices":[],"jetpack_sharing_enabled":true,"_links":{"self":[{"href":"https:\/\/www.totdesign.fi\/index.php\/wp-json\/wp\/v2\/product\/225813"}],"collection":[{"href":"https:\/\/www.totdesign.fi\/index.php\/wp-json\/wp\/v2\/product"}],"about":[{"href":"https:\/\/www.totdesign.fi\/index.php\/wp-json\/wp\/v2\/types\/product"}],"replies":[{"embeddable":true,"href":"https:\/\/www.totdesign.fi\/index.php\/wp-json\/wp\/v2\/comments?post=225813"}],"wp:featuredmedia":[{"embeddable":true,"href":"https:\/\/www.totdesign.fi\/index.php\/wp-json\/wp\/v2\/media\/225839"}],"wp:attachment":[{"href":"https:\/\/www.totdesign.fi\/index.php\/wp-json\/wp\/v2\/media?parent=225813"}],"wp:term":[{"taxonomy":"product_brand","embeddable":true,"href":"https:\/\/www.totdesign.fi\/index.php\/wp-json\/wp\/v2\/product_brand?post=225813"},{"taxonomy":"product_cat","embeddable":true,"href":"https:\/\/www.totdesign.fi\/index.php\/wp-json\/wp\/v2\/product_cat?post=225813"},{"taxonomy":"product_tag","embeddable":true,"href":"https:\/\/www.totdesign.fi\/index.php\/wp-json\/wp\/v2\/product_tag?post=225813"}],"curies":[{"name":"wp","href":"https:\/\/api.w.org\/{rel}","templated":true}]}}