{"id":225937,"date":"2025-01-22T20:50:09","date_gmt":"2025-01-22T20:50:09","guid":{"rendered":"https:\/\/www.totdesign.fi\/?post_type=product&#038;p=225937"},"modified":"2025-01-22T21:20:37","modified_gmt":"2025-01-22T21:20:37","slug":"lehtonen-racing-huppari","status":"publish","type":"product","link":"https:\/\/www.totdesign.fi\/index.php\/product\/lehtonen-racing-huppari\/","title":{"rendered":"Lehtonen Racing huppari"},"content":{"rendered":"","protected":false},"excerpt":{"rendered":"<p>Lehtonen Racing Huppari n\u00e4ytt\u00e4v\u00e4ll\u00e4 painatuksella<\/p>\n","protected":false},"featured_media":225939,"comment_status":"closed","ping_status":"closed","template":"","meta":{"_et_pb_use_builder":"","_et_pb_old_content":"","_et_gb_content_width":"","_monsterinsights_skip_tracking":false,"_monsterinsights_sitenote_active":false,"_monsterinsights_sitenote_note":"","_monsterinsights_sitenote_category":0},"product_brand":[],"product_cat":[43],"product_tag":[44],"class_list":{"0":"post-225937","1":"product","2":"type-product","3":"status-publish","4":"has-post-thumbnail","6":"product_cat-lehtonen-racing","7":"product_tag-lehtonen-racing","8":"product_shipping_class-pikkupaketti","10":"first","11":"instock","12":"taxable","13":"shipping-taxable","14":"purchasable","15":"product-type-simple"},"aioseo_notices":[],"jetpack_sharing_enabled":true,"_links":{"self":[{"href":"https:\/\/www.totdesign.fi\/index.php\/wp-json\/wp\/v2\/product\/225937"}],"collection":[{"href":"https:\/\/www.totdesign.fi\/index.php\/wp-json\/wp\/v2\/product"}],"about":[{"href":"https:\/\/www.totdesign.fi\/index.php\/wp-json\/wp\/v2\/types\/product"}],"replies":[{"embeddable":true,"href":"https:\/\/www.totdesign.fi\/index.php\/wp-json\/wp\/v2\/comments?post=225937"}],"wp:featuredmedia":[{"embeddable":true,"href":"https:\/\/www.totdesign.fi\/index.php\/wp-json\/wp\/v2\/media\/225939"}],"wp:attachment":[{"href":"https:\/\/www.totdesign.fi\/index.php\/wp-json\/wp\/v2\/media?parent=225937"}],"wp:term":[{"taxonomy":"product_brand","embeddable":true,"href":"https:\/\/www.totdesign.fi\/index.php\/wp-json\/wp\/v2\/product_brand?post=225937"},{"taxonomy":"product_cat","embeddable":true,"href":"https:\/\/www.totdesign.fi\/index.php\/wp-json\/wp\/v2\/product_cat?post=225937"},{"taxonomy":"product_tag","embeddable":true,"href":"https:\/\/www.totdesign.fi\/index.php\/wp-json\/wp\/v2\/product_tag?post=225937"}],"curies":[{"name":"wp","href":"https:\/\/api.w.org\/{rel}","templated":true}]}}